{"id":352,"date":"2025-10-24T15:47:43","date_gmt":"2025-10-24T15:47:43","guid":{"rendered":"https:\/\/bruchsal-baeren.de\/?page_id=352"},"modified":"2025-10-24T16:12:45","modified_gmt":"2025-10-24T16:12:45","slug":"plakate-demokratiegeschichte-bruchsal","status":"publish","type":"page","link":"https:\/\/bruchsal-baeren.de\/?page_id=352","title":{"rendered":"Plakate Demokratiegeschichte Bruchsal"},"content":{"rendered":"\n<p>Zum 175-j\u00e4hrigen Jubil\u00e4um der Badischen Revolution im Jahr 2024 haben wir vom F\u00f6rderverein &#8222;Demokratiegeschichte Bruchsal&#8220; im Geschichts-Cafe &#8222;Badner Stuben&#8220; in der Kaiserstra\u00dfe eine Serie von literarischen Lesungen angeboten und diese in der Fu\u00dfg\u00e4ngerzone mit einer Plakatausstellung zur Demokratiegeschichte Bruchsals untermauert. Hier die Plakate, die einen ersten \u00dcberblick zu dieser geschichtlichen Epoche geben. Die Sammlung kann jederzeit erg\u00e4nzt und f\u00fcr zeitlich begrenzte Ausstellungen in Schulen oder Bibliotheken ausgeliehen werden.<\/p>\n\n\n\n<figure class=\"wp-block-gallery has-nested-images columns-default is-cropped wp-block-gallery-1 is-layout-flex wp-block-gallery-is-layout-flex\">\n<figure class=\"wp-block-image size-large\"><img loading=\"lazy\" decoding=\"async\" width=\"737\" height=\"1024\" data-id=\"366\" src=\"https:\/\/bruchsal-baeren.de\/wp-content\/uploads\/2025\/10\/Plakat_Titel_Karolus_Druckvorlage-737x1024.jpeg\" alt=\"\" class=\"wp-image-366\" srcset=\"https:\/\/bruchsal-baeren.de\/wp-content\/uploads\/2025\/10\/Plakat_Titel_Karolus_Druckvorlage-737x1024.jpeg 737w, https:\/\/bruchsal-baeren.de\/wp-content\/uploads\/2025\/10\/Plakat_Titel_Karolus_Druckvorlage-216x300.jpeg 216w, https:\/\/bruchsal-baeren.de\/wp-content\/uploads\/2025\/10\/Plakat_Titel_Karolus_Druckvorlage-108x150.jpeg 108w, https:\/\/bruchsal-baeren.de\/wp-content\/uploads\/2025\/10\/Plakat_Titel_Karolus_Druckvorlage-scaled.jpeg 1843w\" sizes=\"auto, (max-width: 737px) 100vw, 737px\" \/><\/figure>\n\n\n\n<figure class=\"wp-block-image size-large\"><img loading=\"lazy\" decoding=\"async\" width=\"737\" height=\"1024\" data-id=\"368\" src=\"https:\/\/bruchsal-baeren.de\/wp-content\/uploads\/2025\/10\/Plakat_Baeren_Volksparteien_karolus_final-2-737x1024.jpeg\" alt=\"\" class=\"wp-image-368\" srcset=\"https:\/\/bruchsal-baeren.de\/wp-content\/uploads\/2025\/10\/Plakat_Baeren_Volksparteien_karolus_final-2-737x1024.jpeg 737w, https:\/\/bruchsal-baeren.de\/wp-content\/uploads\/2025\/10\/Plakat_Baeren_Volksparteien_karolus_final-2-216x300.jpeg 216w, https:\/\/bruchsal-baeren.de\/wp-content\/uploads\/2025\/10\/Plakat_Baeren_Volksparteien_karolus_final-2-108x150.jpeg 108w, https:\/\/bruchsal-baeren.de\/wp-content\/uploads\/2025\/10\/Plakat_Baeren_Volksparteien_karolus_final-2-scaled.jpeg 1843w\" sizes=\"auto, (max-width: 737px) 100vw, 737px\" \/><\/figure>\n\n\n\n<figure class=\"wp-block-image size-large\"><img loading=\"lazy\" decoding=\"async\" width=\"737\" height=\"1024\" data-id=\"367\" src=\"https:\/\/bruchsal-baeren.de\/wp-content\/uploads\/2025\/10\/Plakat_Ubstadt_Gefecht_karolus_final-737x1024.jpeg\" alt=\"\" class=\"wp-image-367\" srcset=\"https:\/\/bruchsal-baeren.de\/wp-content\/uploads\/2025\/10\/Plakat_Ubstadt_Gefecht_karolus_final-737x1024.jpeg 737w, https:\/\/bruchsal-baeren.de\/wp-content\/uploads\/2025\/10\/Plakat_Ubstadt_Gefecht_karolus_final-216x300.jpeg 216w, https:\/\/bruchsal-baeren.de\/wp-content\/uploads\/2025\/10\/Plakat_Ubstadt_Gefecht_karolus_final-108x150.jpeg 108w, https:\/\/bruchsal-baeren.de\/wp-content\/uploads\/2025\/10\/Plakat_Ubstadt_Gefecht_karolus_final-scaled.jpeg 1843w\" sizes=\"auto, (max-width: 737px) 100vw, 737px\" \/><\/figure>\n\n\n\n<figure class=\"wp-block-image size-large\"><img loading=\"lazy\" decoding=\"async\" width=\"737\" height=\"1024\" data-id=\"365\" src=\"https:\/\/bruchsal-baeren.de\/wp-content\/uploads\/2025\/10\/Plakat_Struves_Karolus_flat-737x1024.jpeg\" alt=\"\" class=\"wp-image-365\" srcset=\"https:\/\/bruchsal-baeren.de\/wp-content\/uploads\/2025\/10\/Plakat_Struves_Karolus_flat-737x1024.jpeg 737w, https:\/\/bruchsal-baeren.de\/wp-content\/uploads\/2025\/10\/Plakat_Struves_Karolus_flat-216x300.jpeg 216w, https:\/\/bruchsal-baeren.de\/wp-content\/uploads\/2025\/10\/Plakat_Struves_Karolus_flat-108x150.jpeg 108w, https:\/\/bruchsal-baeren.de\/wp-content\/uploads\/2025\/10\/Plakat_Struves_Karolus_flat-scaled.jpeg 1843w\" sizes=\"auto, (max-width: 737px) 100vw, 737px\" \/><\/figure>\n\n\n\n<figure class=\"wp-block-image size-large\"><img loading=\"lazy\" decoding=\"async\" width=\"737\" height=\"1024\" data-id=\"364\" src=\"https:\/\/bruchsal-baeren.de\/wp-content\/uploads\/2025\/10\/Plakat_Sigel_Karolus_final-737x1024.jpeg\" alt=\"\" class=\"wp-image-364\" srcset=\"https:\/\/bruchsal-baeren.de\/wp-content\/uploads\/2025\/10\/Plakat_Sigel_Karolus_final-737x1024.jpeg 737w, https:\/\/bruchsal-baeren.de\/wp-content\/uploads\/2025\/10\/Plakat_Sigel_Karolus_final-216x300.jpeg 216w, https:\/\/bruchsal-baeren.de\/wp-content\/uploads\/2025\/10\/Plakat_Sigel_Karolus_final-108x150.jpeg 108w, https:\/\/bruchsal-baeren.de\/wp-content\/uploads\/2025\/10\/Plakat_Sigel_Karolus_final-scaled.jpeg 1843w\" sizes=\"auto, (max-width: 737px) 100vw, 737px\" \/><\/figure>\n\n\n\n<figure class=\"wp-block-image size-large\"><img loading=\"lazy\" decoding=\"async\" width=\"737\" height=\"1024\" data-id=\"362\" src=\"https:\/\/bruchsal-baeren.de\/wp-content\/uploads\/2025\/10\/Plakat_Lacher_Druckvorlage-737x1024.jpeg\" alt=\"\" class=\"wp-image-362\" srcset=\"https:\/\/bruchsal-baeren.de\/wp-content\/uploads\/2025\/10\/Plakat_Lacher_Druckvorlage-737x1024.jpeg 737w, https:\/\/bruchsal-baeren.de\/wp-content\/uploads\/2025\/10\/Plakat_Lacher_Druckvorlage-216x300.jpeg 216w, https:\/\/bruchsal-baeren.de\/wp-content\/uploads\/2025\/10\/Plakat_Lacher_Druckvorlage-108x150.jpeg 108w, https:\/\/bruchsal-baeren.de\/wp-content\/uploads\/2025\/10\/Plakat_Lacher_Druckvorlage-scaled.jpeg 1843w\" sizes=\"auto, (max-width: 737px) 100vw, 737px\" \/><\/figure>\n\n\n\n<figure class=\"wp-block-image size-large\"><img loading=\"lazy\" decoding=\"async\" width=\"737\" height=\"1024\" data-id=\"361\" src=\"https:\/\/bruchsal-baeren.de\/wp-content\/uploads\/2025\/10\/Plakat_Grundgesetz_Karolus_flat-737x1024.jpeg\" alt=\"\" class=\"wp-image-361\" srcset=\"https:\/\/bruchsal-baeren.de\/wp-content\/uploads\/2025\/10\/Plakat_Grundgesetz_Karolus_flat-737x1024.jpeg 737w, https:\/\/bruchsal-baeren.de\/wp-content\/uploads\/2025\/10\/Plakat_Grundgesetz_Karolus_flat-216x300.jpeg 216w, https:\/\/bruchsal-baeren.de\/wp-content\/uploads\/2025\/10\/Plakat_Grundgesetz_Karolus_flat-108x150.jpeg 108w, https:\/\/bruchsal-baeren.de\/wp-content\/uploads\/2025\/10\/Plakat_Grundgesetz_Karolus_flat-scaled.jpeg 1843w\" sizes=\"auto, (max-width: 737px) 100vw, 737px\" \/><\/figure>\n\n\n\n<figure class=\"wp-block-image size-large\"><img loading=\"lazy\" decoding=\"async\" width=\"737\" height=\"1024\" data-id=\"360\" src=\"https:\/\/bruchsal-baeren.de\/wp-content\/uploads\/2025\/10\/Plakat_Forty-eighter_karolus_Druckvorlage_flat-737x1024.jpeg\" alt=\"\" class=\"wp-image-360\" srcset=\"https:\/\/bruchsal-baeren.de\/wp-content\/uploads\/2025\/10\/Plakat_Forty-eighter_karolus_Druckvorlage_flat-737x1024.jpeg 737w, https:\/\/bruchsal-baeren.de\/wp-content\/uploads\/2025\/10\/Plakat_Forty-eighter_karolus_Druckvorlage_flat-216x300.jpeg 216w, https:\/\/bruchsal-baeren.de\/wp-content\/uploads\/2025\/10\/Plakat_Forty-eighter_karolus_Druckvorlage_flat-108x150.jpeg 108w, https:\/\/bruchsal-baeren.de\/wp-content\/uploads\/2025\/10\/Plakat_Forty-eighter_karolus_Druckvorlage_flat-scaled.jpeg 1843w\" sizes=\"auto, (max-width: 737px) 100vw, 737px\" \/><\/figure>\n\n\n\n<figure class=\"wp-block-image size-large\"><img loading=\"lazy\" decoding=\"async\" width=\"737\" height=\"1024\" data-id=\"359\" src=\"https:\/\/bruchsal-baeren.de\/wp-content\/uploads\/2025\/10\/Plakat_Corvin_Druckvorlage_flat-737x1024.jpeg\" alt=\"\" class=\"wp-image-359\" srcset=\"https:\/\/bruchsal-baeren.de\/wp-content\/uploads\/2025\/10\/Plakat_Corvin_Druckvorlage_flat-737x1024.jpeg 737w, https:\/\/bruchsal-baeren.de\/wp-content\/uploads\/2025\/10\/Plakat_Corvin_Druckvorlage_flat-216x300.jpeg 216w, https:\/\/bruchsal-baeren.de\/wp-content\/uploads\/2025\/10\/Plakat_Corvin_Druckvorlage_flat-108x150.jpeg 108w, https:\/\/bruchsal-baeren.de\/wp-content\/uploads\/2025\/10\/Plakat_Corvin_Druckvorlage_flat-scaled.jpeg 1843w\" sizes=\"auto, (max-width: 737px) 100vw, 737px\" \/><\/figure>\n\n\n\n<figure class=\"wp-block-image size-large\"><img loading=\"lazy\" decoding=\"async\" width=\"737\" height=\"1024\" data-id=\"358\" src=\"https:\/\/bruchsal-baeren.de\/wp-content\/uploads\/2025\/10\/Plakat_Brentano_Druckvorlage_final_flat-737x1024.jpeg\" alt=\"\" class=\"wp-image-358\" srcset=\"https:\/\/bruchsal-baeren.de\/wp-content\/uploads\/2025\/10\/Plakat_Brentano_Druckvorlage_final_flat-737x1024.jpeg 737w, https:\/\/bruchsal-baeren.de\/wp-content\/uploads\/2025\/10\/Plakat_Brentano_Druckvorlage_final_flat-216x300.jpeg 216w, https:\/\/bruchsal-baeren.de\/wp-content\/uploads\/2025\/10\/Plakat_Brentano_Druckvorlage_final_flat-108x150.jpeg 108w, https:\/\/bruchsal-baeren.de\/wp-content\/uploads\/2025\/10\/Plakat_Brentano_Druckvorlage_final_flat-scaled.jpeg 1843w\" sizes=\"auto, (max-width: 737px) 100vw, 737px\" \/><\/figure>\n\n\n\n<figure class=\"wp-block-image size-large\"><img loading=\"lazy\" decoding=\"async\" width=\"724\" height=\"1024\" data-id=\"356\" src=\"https:\/\/bruchsal-baeren.de\/wp-content\/uploads\/2025\/10\/Plakat_Bergfried_neu_Druckvorlage_flat-724x1024.jpeg\" alt=\"\" class=\"wp-image-356\" srcset=\"https:\/\/bruchsal-baeren.de\/wp-content\/uploads\/2025\/10\/Plakat_Bergfried_neu_Druckvorlage_flat-724x1024.jpeg 724w, https:\/\/bruchsal-baeren.de\/wp-content\/uploads\/2025\/10\/Plakat_Bergfried_neu_Druckvorlage_flat-212x300.jpeg 212w, https:\/\/bruchsal-baeren.de\/wp-content\/uploads\/2025\/10\/Plakat_Bergfried_neu_Druckvorlage_flat-106x150.jpeg 106w, https:\/\/bruchsal-baeren.de\/wp-content\/uploads\/2025\/10\/Plakat_Bergfried_neu_Druckvorlage_flat-scaled.jpeg 1810w\" sizes=\"auto, (max-width: 724px) 100vw, 724px\" \/><\/figure>\n<\/figure>\n\n\n\n<p><\/p>\n","protected":false},"excerpt":{"rendered":"<p>Zum 175-j\u00e4hrigen Jubil\u00e4um der Badischen Revolution im Jahr 2024 haben wir vom F\u00f6rderverein &#8222;Demokratiegeschichte Bruchsal&#8220; im Geschichts-Cafe &#8222;Badner Stuben&#8220; in der Kaiserstra\u00dfe eine Serie von literarischen Lesungen angeboten und diese in der Fu\u00dfg\u00e4ngerzone mit einer Plakatausstellung zur Demokratiegeschichte Bruchsals untermauert. Hier die Plakate, die einen ersten \u00dcberblick zu dieser geschichtlichen Epoche geben. Die Sammlung kann &hellip; <\/p>\n<p class=\"link-more\"><a href=\"https:\/\/bruchsal-baeren.de\/?page_id=352\" class=\"more-link\">Mehr <span class=\"screen-reader-text\">\u00fcber &#8222;Plakate Demokratiegeschichte Bruchsal&#8220; <\/span>Lesen<\/a><\/p>\n","protected":false},"author":1,"featured_media":0,"parent":0,"menu_order":0,"comment_status":"closed","ping_status":"closed","template":"","meta":{"inspiro_hide_title":false,"footnotes":""},"class_list":["post-352","page","type-page","status-publish","hentry"],"_links":{"self":[{"href":"https:\/\/bruchsal-baeren.de\/index.php?rest_route=\/wp\/v2\/pages\/352","targetHints":{"allow":["GET"]}}],"collection":[{"href":"https:\/\/bruchsal-baeren.de\/index.php?rest_route=\/wp\/v2\/pages"}],"about":[{"href":"https:\/\/bruchsal-baeren.de\/index.php?rest_route=\/wp\/v2\/types\/page"}],"author":[{"embeddable":true,"href":"https:\/\/bruchsal-baeren.de\/index.php?rest_route=\/wp\/v2\/users\/1"}],"replies":[{"embeddable":true,"href":"https:\/\/bruchsal-baeren.de\/index.php?rest_route=%2Fwp%2Fv2%2Fcomments&post=352"}],"version-history":[{"count":8,"href":"https:\/\/bruchsal-baeren.de\/index.php?rest_route=\/wp\/v2\/pages\/352\/revisions"}],"predecessor-version":[{"id":377,"href":"https:\/\/bruchsal-baeren.de\/index.php?rest_route=\/wp\/v2\/pages\/352\/revisions\/377"}],"wp:attachment":[{"href":"https:\/\/bruchsal-baeren.de\/index.php?rest_route=%2Fwp%2Fv2%2Fmedia&parent=352"}],"curies":[{"name":"wp","href":"https:\/\/api.w.org\/{rel}","templated":true}]}}