{"id":178,"date":"2025-08-06T06:26:21","date_gmt":"2025-08-06T06:26:21","guid":{"rendered":"https:\/\/bruchsal-baeren.de\/?page_id=178"},"modified":"2025-10-24T19:48:46","modified_gmt":"2025-10-24T19:48:46","slug":"unsere-unterstuetzer","status":"publish","type":"page","link":"https:\/\/bruchsal-baeren.de\/?page_id=178","title":{"rendered":"Unsere Unterst\u00fctzer"},"content":{"rendered":"\n<p>Hier k\u00f6nnen Sie reglm\u00e4ssig den aktuellen Stand der Unterst\u00fctzer unserer Petition einsehen.<\/p>\n\n\n\n<h2 class=\"wp-block-heading\">Der aktuelle Stand am 08. Oktober: 185 Unterschriften<\/h2>\n\n\n\n<p>Martin Abele; Maria Ade; Andreas Gerhard; Susanne Bacher; Gerdi und Bernd Bartelmetz; Niklas Baumann; Isabell Becker; Johann Beichel; Thomas Benk\u00f6; Stefan Blatschek; Monika Bloching; Jochen Bl\u00fcmle; Bernd Braunbarth; Nadine Brenner; Gertrud Br\u00fcckmann; Gudrun Csanitz; Alexander &amp; Soawaluck Doll; Bernd Doll; Oliver Doll; Heike Dolld; Susanne Draeger-K\u00f6nig; Franz-Peter Dreher; Jasmin Durm; Anneliese &amp; Heiner Eckert; Johannes Ehmann; Hermann Eiseler; Reinhard Engel; Bettina Eysoldt; Klaus Fessler; Frank Fetzner; Janina &amp; Robert Fies; Christa Fischer; Roland Foos; Wolfgang Frai\u00dfl; Carmen Fr\u00e4nkle; Ludwig Friedt; Bernd &amp; Simone Fuchs; Johannes Fuchs; Detlef Gatzke; Ursula G\u00f6bel-Grahm; Rosemarie Gollerthan; Oliver Gosemann; Steffen Grau; Gottfried Grauer; Sybille Grauer-von der Werth; Werner Grundel; Julia Gutekunst; Karlheinz &amp; Rosa Gutekunst; Vesna Hagel; Andrew Hahn; Reinhard Hahn; Albert H\u00e4cker; Michael H\u00e4cker; Heiko &amp; Isabell Hamann; Monika Hambsch; Daniel Heneka; J\u00f6rg Hermann; Silke &amp; Steffen Hermann; Dorothea &amp; Hermann Herzig; Rolf Hettmannsperger; Justine Heuer; Volker Hildenbrand; Sigrid H\u00f6fle; Rita Holoch; Dr. Jens H\u00fcttebr\u00e4ucker; Thomas Idler; Otto Ihle; Ingrid \u00dcbelh\u00f6r-Ehrler; Eduard &amp; Monika Isenmann; Thomas J\u00e4ger; Marion Jung; Volker Jung; Berta Anna J\u00fcrgensen; Timm J\u00fcrgensen; Silja Jurica; Karin Karatschonji; Tanja Kasch; Corinne Kaufmann; Gabriele Kaufmann; Michael Kaufmann; Hein Kerstgens; Silke Klein; Martina Kleinlagel; Daniela Klinger; Andreas Klumpp; Rudolf Knapp; Daniela K\u00f6hler; Hubert K\u00f6nig; Rainer Konrad; Petra K\u00f6stlin; Andrea Kr\u00e4he; Andrea Kr\u00e4mer; Karin Krumteich; Andreas Lacroix; Fritz Lederer; Hans Leukardt; Darline Lindenfelser; Elke Lindenfelser; Hans Leukhardt; Christina M\u00e4nnel; Friedrich M\u00e4nnel; Steffen Maisch; Ewald Marschall; Antje Maskos; Tobias Maul; Margret Mayer; Ingrid Mergenthaler; J. Mergenthaler; Peter Metzka; Lisa Michel; Michael &amp; Waltraud Milch; Nina Misch; Marzena Miskiewicz; Siegbert M\u00fcller; Barbara M\u00fcller-Gatzke; J\u00fcrgen Muley; Stephanie Muley; Karl &amp; Marion Nees; Edgar Neidinger; Tobias Nellinger; Angelika Neuwald; Juliana Niederb\u00fchl; May Nitzschke; Alexandra Nohl; Alexander Oestreich; Monika Ortolf; Frank Ott; Marlene &amp; Ulrich Pierro; Barbara Psotka; Nadine Radke; Cecilia Rathgeb; Christiane &amp; Stephan Rathgeb; G. Rauke; Manfred Raupp; Matthias Redecker; Franz Retzlaff; Hannelore &amp; Peter Riedel; Thomas Ries; Dr. Benedikt Ritzler; Tim Ritter; Barbara R\u00f6sler; Claudia &amp; Wolfgang Rudi; Markus Rupp; Sabrina &amp; Thomas Schabath; B\u00e4rbel Sch\u00e4fer; Jakob Sch\u00e4fer; Roland Sch\u00e4fer; Jakob Scherzinger; Dela Schmidt; Bernd Schmalz; Albrecht Schmollinger; Heribert Schmitt; Irmtraud Schmitt; Ursula Schmitt; Werner Schnatterbeck; Frank Schneider; G\u00fcnter Schneider; Klaus Schr\u00f6der; Christian Sch\u00fchly; Ekkehard &amp; Susanne Schuhmann; Patricia Schuster; Bernhard Schwaninger; Thorsten Schwarz; Jacques Siegel; Uwe Sparn; Sabrina Steumann-Fuchs; Christoph Stephan; Gertrud Stipp; Maria Rita Stockenberger; Daniele St\u00f6cklin; Nicolai Strauch; Evelin Syguda; Alexandra Thomas; Eveline Unrath; Michael Vettermann; Kerstin V\u00f6lker; Isabella Wagner; Andreas Weise; Simon Weise; Alex Weiss; Andre Westenfelder; Jesper Willmann; Brigitte &amp; Richard Wittemann; Anni Wolf; Thomas Zeh; Karl-Friedrich Ziegahn; B\u00e4rbel Ziegelmeyer<\/p>\n\n\n\n<p>Wenn Sie diese Petition unterst\u00fctzen oder Mitglied der B\u00fcrgerinititative <a><strong>\u201eBruchsal<em>B\u00e4ren<\/em>Stark\u201c<\/strong><\/a> werden wollen, schreiben Sie uns einfach eine email mit Angabe Ihrer Adresse an <a href=\"mailto:info@bruchsal-baeren.de\">info@bruchsal-baeren.de<\/a><\/p>\n\n\n\n<p><\/p>\n","protected":false},"excerpt":{"rendered":"<p>Hier k\u00f6nnen Sie reglm\u00e4ssig den aktuellen Stand der Unterst\u00fctzer unserer Petition einsehen. Der aktuelle Stand am 08. Oktober: 185 Unterschriften Martin Abele; Maria Ade; Andreas Gerhard; Susanne Bacher; Gerdi und Bernd Bartelmetz; Niklas Baumann; Isabell Becker; Johann Beichel; Thomas Benk\u00f6; Stefan Blatschek; Monika Bloching; Jochen Bl\u00fcmle; Bernd Braunbarth; Nadine Brenner; Gertrud Br\u00fcckmann; Gudrun Csanitz; Alexander &hellip; <\/p>\n<p class=\"link-more\"><a href=\"https:\/\/bruchsal-baeren.de\/?page_id=178\" class=\"more-link\">Mehr <span class=\"screen-reader-text\">\u00fcber &#8222;Unsere Unterst\u00fctzer&#8220; <\/span>Lesen<\/a><\/p>\n","protected":false},"author":1,"featured_media":0,"parent":0,"menu_order":0,"comment_status":"closed","ping_status":"closed","template":"","meta":{"inspiro_hide_title":false,"footnotes":""},"class_list":["post-178","page","type-page","status-publish","hentry"],"_links":{"self":[{"href":"https:\/\/bruchsal-baeren.de\/index.php?rest_route=\/wp\/v2\/pages\/178","targetHints":{"allow":["GET"]}}],"collection":[{"href":"https:\/\/bruchsal-baeren.de\/index.php?rest_route=\/wp\/v2\/pages"}],"about":[{"href":"https:\/\/bruchsal-baeren.de\/index.php?rest_route=\/wp\/v2\/types\/page"}],"author":[{"embeddable":true,"href":"https:\/\/bruchsal-baeren.de\/index.php?rest_route=\/wp\/v2\/users\/1"}],"replies":[{"embeddable":true,"href":"https:\/\/bruchsal-baeren.de\/index.php?rest_route=%2Fwp%2Fv2%2Fcomments&post=178"}],"version-history":[{"count":39,"href":"https:\/\/bruchsal-baeren.de\/index.php?rest_route=\/wp\/v2\/pages\/178\/revisions"}],"predecessor-version":[{"id":376,"href":"https:\/\/bruchsal-baeren.de\/index.php?rest_route=\/wp\/v2\/pages\/178\/revisions\/376"}],"wp:attachment":[{"href":"https:\/\/bruchsal-baeren.de\/index.php?rest_route=%2Fwp%2Fv2%2Fmedia&parent=178"}],"curies":[{"name":"wp","href":"https:\/\/api.w.org\/{rel}","templated":true}]}}