{"id":176,"date":"2025-08-06T06:25:12","date_gmt":"2025-08-06T06:25:12","guid":{"rendered":"https:\/\/bruchsal-baeren.de\/?page_id=176"},"modified":"2025-12-09T23:44:42","modified_gmt":"2025-12-09T23:44:42","slug":"medienspiegel","status":"publish","type":"page","link":"https:\/\/bruchsal-baeren.de\/?page_id=176","title":{"rendered":"Medienspiegel"},"content":{"rendered":"\n<p>Hier ver\u00f6ffentlichen wir k\u00fcnftig Berichte aus Print und online \u00fcber den B\u00e4ren und unsere Initiative.<\/p>\n\n\n\n<figure class=\"wp-block-embed is-type-wp-embed is-provider-landfunker-regionews wp-block-embed-landfunker-regionews\"><div class=\"wp-block-embed__wrapper\">\n<blockquote class=\"wp-embedded-content\" data-secret=\"BsH9lhZvEJ\"><a href=\"https:\/\/landfunker.de\/baerenstark-warum-der-bruchsaler-baeren-mehr-ist-als-ein-gasthaus\/\">\u201eB\u00c4RENSTARK? Warum der Bruchsaler B\u00e4ren mehr ist als ein Gasthaus\u201c<\/a><\/blockquote><iframe loading=\"lazy\" class=\"wp-embedded-content\" sandbox=\"allow-scripts\" security=\"restricted\" style=\"position: absolute; visibility: hidden;\" title=\"&#8222;\u201eB\u00c4RENSTARK? Warum der Bruchsaler B\u00e4ren mehr ist als ein Gasthaus\u201c&#8220; &#8211; Landfunker RegioNews\" src=\"https:\/\/landfunker.de\/baerenstark-warum-der-bruchsaler-baeren-mehr-ist-als-ein-gasthaus\/embed\/#?secret=QqIvTZ8NBn#?secret=BsH9lhZvEJ\" data-secret=\"BsH9lhZvEJ\" width=\"600\" height=\"338\" frameborder=\"0\" marginwidth=\"0\" marginheight=\"0\" scrolling=\"no\"><\/iframe>\n<\/div><\/figure>\n\n\n\n<figure class=\"wp-block-embed is-type-wp-embed is-provider-landfunker-regionews wp-block-embed-landfunker-regionews\"><div class=\"wp-block-embed__wrapper\">\n<blockquote class=\"wp-embedded-content\" data-secret=\"3y8ZMQBL6F\"><a href=\"https:\/\/landfunker.de\/rainwurf-die-wahre-geschichte-des-buergerlichen-gasthauses-zum-baeren-in-bruchsal\/\">RAINwurf  | Die wahre Geschichte des b\u00fcrgerlichen Gasthauses \u201eZum B\u00e4ren\u201c in Bruchsal<\/a><\/blockquote><iframe loading=\"lazy\" class=\"wp-embedded-content\" sandbox=\"allow-scripts\" security=\"restricted\" style=\"position: absolute; visibility: hidden;\" title=\"&#8222;RAINwurf  | Die wahre Geschichte des b\u00fcrgerlichen Gasthauses \u201eZum B\u00e4ren\u201c in Bruchsal&#8220; &#8212; Landfunker RegioNews\" src=\"https:\/\/landfunker.de\/rainwurf-die-wahre-geschichte-des-buergerlichen-gasthauses-zum-baeren-in-bruchsal\/embed\/#?secret=fftGKgClTJ#?secret=3y8ZMQBL6F\" data-secret=\"3y8ZMQBL6F\" width=\"600\" height=\"338\" frameborder=\"0\" marginwidth=\"0\" marginheight=\"0\" scrolling=\"no\"><\/iframe>\n<\/div><\/figure>\n\n\n\n<figure class=\"wp-block-embed is-type-wp-embed is-provider-landfunker-regionews wp-block-embed-landfunker-regionews\"><div class=\"wp-block-embed__wrapper\">\n<blockquote class=\"wp-embedded-content\" data-secret=\"EUz8WGH6R6\"><a href=\"https:\/\/landfunker.de\/baerenstark-bruchsals-gasthof-widerstand-zwischen-clipart-und-kampfgeist\/\">\u201eB\u00e4renstark\u201c? Bruchsals Gasthof-Widerstand zwischen Clipart und Kampfgeist<\/a><\/blockquote><iframe loading=\"lazy\" class=\"wp-embedded-content\" sandbox=\"allow-scripts\" security=\"restricted\" style=\"position: absolute; visibility: hidden;\" title=\"&#8222;\u201eB\u00e4renstark\u201c? Bruchsals Gasthof-Widerstand zwischen Clipart und Kampfgeist&#8220; &#8212; Landfunker RegioNews\" src=\"https:\/\/landfunker.de\/baerenstark-bruchsals-gasthof-widerstand-zwischen-clipart-und-kampfgeist\/embed\/#?secret=hrUYpeAD9F#?secret=EUz8WGH6R6\" data-secret=\"EUz8WGH6R6\" width=\"600\" height=\"338\" frameborder=\"0\" marginwidth=\"0\" marginheight=\"0\" scrolling=\"no\"><\/iframe>\n<\/div><\/figure>\n\n\n\n<figure class=\"wp-block-embed is-type-wp-embed is-provider-handelslehranstalt-bruchsal wp-block-embed-handelslehranstalt-bruchsal\"><div class=\"wp-block-embed__wrapper\">\n<blockquote class=\"wp-embedded-content\" data-secret=\"YXkpEU4b64\"><a href=\"https:\/\/www.handelslehranstalt-bruchsal.de\/2025\/07\/31\/auf-den-spuren-der-badischen-revolution-1848-49-in-bruchsal-unterwegs\/\">Auf den Spuren der badischen Revolution 1848\/49 in Bruchsal unterwegs<\/a><\/blockquote><iframe loading=\"lazy\" class=\"wp-embedded-content\" sandbox=\"allow-scripts\" security=\"restricted\" style=\"position: absolute; visibility: hidden;\" title=\"&#8222;Auf den Spuren der badischen Revolution 1848\/49 in Bruchsal unterwegs&#8220; &#8212; Handelslehranstalt Bruchsal\" src=\"https:\/\/www.handelslehranstalt-bruchsal.de\/2025\/07\/31\/auf-den-spuren-der-badischen-revolution-1848-49-in-bruchsal-unterwegs\/embed\/#?secret=yaCsMEvnnp#?secret=YXkpEU4b64\" data-secret=\"YXkpEU4b64\" width=\"600\" height=\"338\" frameborder=\"0\" marginwidth=\"0\" marginheight=\"0\" scrolling=\"no\"><\/iframe>\n<\/div><\/figure>\n\n\n\n<figure class=\"wp-block-embed is-type-wp-embed is-provider-demokratiegeschichte-in-bruchsal wp-block-embed-demokratiegeschichte-in-bruchsal\"><div class=\"wp-block-embed__wrapper\">\n<blockquote class=\"wp-embedded-content\" data-secret=\"B7kdTThynR\"><a href=\"https:\/\/demokratiegeschichte-bruchsal.de\/?page_id=710\">Neues Tourismuskonzept: &#8222;Bruchsal &#8211; Ort der Demokratiegeschichte&#8220;<\/a><\/blockquote><iframe loading=\"lazy\" class=\"wp-embedded-content\" sandbox=\"allow-scripts\" security=\"restricted\" style=\"position: absolute; visibility: hidden;\" title=\"&#8222;Neues Tourismuskonzept: &#8222;Bruchsal &#8211; Ort der Demokratiegeschichte&#8220;&#8220; &#8211; Demokratiegeschichte in Bruchsal\" src=\"https:\/\/demokratiegeschichte-bruchsal.de\/?page_id=710&#038;embed=true#?secret=B7kdTThynR\" data-secret=\"B7kdTThynR\" width=\"600\" height=\"338\" frameborder=\"0\" marginwidth=\"0\" marginheight=\"0\" scrolling=\"no\"><\/iframe>\n<\/div><\/figure>\n","protected":false},"excerpt":{"rendered":"<p>Hier ver\u00f6ffentlichen wir k\u00fcnftig Berichte aus Print und online \u00fcber den B\u00e4ren und unsere Initiative.<\/p>\n","protected":false},"author":1,"featured_media":0,"parent":0,"menu_order":0,"comment_status":"closed","ping_status":"closed","template":"","meta":{"inspiro_hide_title":false,"footnotes":""},"class_list":["post-176","page","type-page","status-publish","hentry"],"_links":{"self":[{"href":"https:\/\/bruchsal-baeren.de\/index.php?rest_route=\/wp\/v2\/pages\/176","targetHints":{"allow":["GET"]}}],"collection":[{"href":"https:\/\/bruchsal-baeren.de\/index.php?rest_route=\/wp\/v2\/pages"}],"about":[{"href":"https:\/\/bruchsal-baeren.de\/index.php?rest_route=\/wp\/v2\/types\/page"}],"author":[{"embeddable":true,"href":"https:\/\/bruchsal-baeren.de\/index.php?rest_route=\/wp\/v2\/users\/1"}],"replies":[{"embeddable":true,"href":"https:\/\/bruchsal-baeren.de\/index.php?rest_route=%2Fwp%2Fv2%2Fcomments&post=176"}],"version-history":[{"count":8,"href":"https:\/\/bruchsal-baeren.de\/index.php?rest_route=\/wp\/v2\/pages\/176\/revisions"}],"predecessor-version":[{"id":387,"href":"https:\/\/bruchsal-baeren.de\/index.php?rest_route=\/wp\/v2\/pages\/176\/revisions\/387"}],"wp:attachment":[{"href":"https:\/\/bruchsal-baeren.de\/index.php?rest_route=%2Fwp%2Fv2%2Fmedia&parent=176"}],"curies":[{"name":"wp","href":"https:\/\/api.w.org\/{rel}","templated":true}]}}